{"id":585,"date":"2014-01-16T20:47:18","date_gmt":"2014-01-16T20:47:18","guid":{"rendered":"https:\/\/wp.contempographicdesign.com\/wp_real_estate_6\/?page_id=585"},"modified":"2021-03-10T11:09:07","modified_gmt":"2021-03-10T14:09:07","slug":"home","status":"publish","type":"page","link":"https:\/\/grupobrasildpe.com.br\/visione\/","title":{"rendered":"Home"},"content":{"rendered":"<div class=\"boldgrid-section\">\n<div class=\"container\">\n<div class=\"row\">\n<div class=\"col-md-12 col-xs-12 col-sm-12\">\n<p>&nbsp;<\/p>\n<\/div>\n<\/div>\n<\/div>\n<\/div>\n","protected":false},"excerpt":{"rendered":"<p>&nbsp;<\/p>\n","protected":false},"author":1,"featured_media":0,"parent":0,"menu_order":0,"comment_status":"open","ping_status":"open","template":"template-home.php","meta":{"_links_to":"","_links_to_target":""},"yoast_head":"<!-- This site is optimized with the Yoast SEO plugin v19.2 - https:\/\/yoast.com\/wordpress\/plugins\/seo\/ -->\n<title>Visione Engenharia | 15 anos de atua\u00e7\u00e3o na Baixada Fluminense.<\/title>\n<meta name=\"description\" content=\"Incorporadora e construtora com atua\u00e7\u00e3o em Nova Igua\u00e7u e Baixada Fluminense. Apartamentos de alto padr\u00e3o para sua fam\u00edlia morar com conforto, lazer e seguran\u00e7a.\" \/>\n<meta name=\"robots\" content=\"index, follow, max-snippet:-1, max-image-preview:large, max-video-preview:-1\" \/>\n<link rel=\"canonical\" href=\"https:\/\/grupobrasildpe.com.br\/visione\/\" \/>\n<meta property=\"og:locale\" content=\"pt_BR\" \/>\n<meta property=\"og:type\" content=\"article\" \/>\n<meta property=\"og:title\" content=\"Visione Engenharia | 15 anos de atua\u00e7\u00e3o na Baixada Fluminense.\" \/>\n<meta property=\"og:description\" content=\"Incorporadora e construtora com atua\u00e7\u00e3o em Nova Igua\u00e7u e Baixada Fluminense. Apartamentos de alto padr\u00e3o para sua fam\u00edlia morar com conforto, lazer e seguran\u00e7a.\" \/>\n<meta property=\"og:url\" content=\"https:\/\/grupobrasildpe.com.br\/visione\/\" \/>\n<meta property=\"og:site_name\" content=\"Visione Engenharia\" \/>\n<meta property=\"article:publisher\" content=\"https:\/\/www.facebook.com\/visioneonline\" \/>\n<meta property=\"article:modified_time\" content=\"2021-03-10T14:09:07+00:00\" \/>\n<meta property=\"og:image\" content=\"https:\/\/grupobrasildpe.com.br\/visione\/wp-content\/uploads\/2020\/05\/menu-5d6046b9bfa492.18591318-1.jpg\" \/>\n\t<meta property=\"og:image:width\" content=\"395\" \/>\n\t<meta property=\"og:image:height\" content=\"500\" \/>\n\t<meta property=\"og:image:type\" content=\"image\/jpeg\" \/>\n<meta name=\"author\" content=\"admin\" \/>\n<meta name=\"twitter:card\" content=\"summary_large_image\" \/>\n<script type=\"application\/ld+json\" class=\"yoast-schema-graph\">{\"@context\":\"https:\/\/schema.org\",\"@graph\":[{\"@type\":\"Organization\",\"@id\":\"https:\/\/grupobrasildpe.com.br\/visione\/#organization\",\"name\":\"Visione Engenharia\",\"url\":\"https:\/\/grupobrasildpe.com.br\/visione\/\",\"sameAs\":[\"https:\/\/www.instagram.com\/visioneengenharia\/\",\"https:\/\/www.youtube.com\/user\/visioneengenharia\",\"https:\/\/www.facebook.com\/visioneonline\"],\"logo\":{\"@type\":\"ImageObject\",\"inLanguage\":\"pt-BR\",\"@id\":\"https:\/\/grupobrasildpe.com.br\/visione\/#\/schema\/logo\/image\/\",\"url\":\"https:\/\/grupobrasildpe.com.br\/visione\/wp-content\/uploads\/2020\/05\/menu-5d6046b9bfa492.18591318-1.jpg\",\"contentUrl\":\"https:\/\/grupobrasildpe.com.br\/visione\/wp-content\/uploads\/2020\/05\/menu-5d6046b9bfa492.18591318-1.jpg\",\"width\":395,\"height\":500,\"caption\":\"Visione Engenharia\"},\"image\":{\"@id\":\"https:\/\/grupobrasildpe.com.br\/visione\/#\/schema\/logo\/image\/\"}},{\"@type\":\"WebSite\",\"@id\":\"https:\/\/grupobrasildpe.com.br\/visione\/#website\",\"url\":\"https:\/\/grupobrasildpe.com.br\/visione\/\",\"name\":\"Visione Engenharia\",\"description\":\"Visione Engenharia\",\"publisher\":{\"@id\":\"https:\/\/grupobrasildpe.com.br\/visione\/#organization\"},\"potentialAction\":[{\"@type\":\"SearchAction\",\"target\":{\"@type\":\"EntryPoint\",\"urlTemplate\":\"https:\/\/grupobrasildpe.com.br\/visione\/?s={search_term_string}\"},\"query-input\":\"required name=search_term_string\"}],\"inLanguage\":\"pt-BR\"},{\"@type\":\"WebPage\",\"@id\":\"https:\/\/grupobrasildpe.com.br\/visione\/#webpage\",\"url\":\"https:\/\/grupobrasildpe.com.br\/visione\/\",\"name\":\"Visione Engenharia | 15 anos de atua\u00e7\u00e3o na Baixada Fluminense.\",\"isPartOf\":{\"@id\":\"https:\/\/grupobrasildpe.com.br\/visione\/#website\"},\"datePublished\":\"2014-01-16T20:47:18+00:00\",\"dateModified\":\"2021-03-10T14:09:07+00:00\",\"description\":\"Incorporadora e construtora com atua\u00e7\u00e3o em Nova Igua\u00e7u e Baixada Fluminense. Apartamentos de alto padr\u00e3o para sua fam\u00edlia morar com conforto, lazer e seguran\u00e7a.\",\"breadcrumb\":{\"@id\":\"https:\/\/grupobrasildpe.com.br\/visione\/#breadcrumb\"},\"inLanguage\":\"pt-BR\",\"potentialAction\":[{\"@type\":\"ReadAction\",\"target\":[\"https:\/\/grupobrasildpe.com.br\/visione\/\"]}]},{\"@type\":\"BreadcrumbList\",\"@id\":\"https:\/\/grupobrasildpe.com.br\/visione\/#breadcrumb\",\"itemListElement\":[{\"@type\":\"ListItem\",\"position\":1,\"name\":\"In\u00edcio\",\"item\":\"https:\/\/grupobrasildpe.com.br\/visione\/\"},{\"@type\":\"ListItem\",\"position\":2,\"name\":\"Home\"}]}]}<\/script>\n<!-- \/ Yoast SEO plugin. -->","yoast_head_json":{"title":"Visione Engenharia | 15 anos de atua\u00e7\u00e3o na Baixada Fluminense.","description":"Incorporadora e construtora com atua\u00e7\u00e3o em Nova Igua\u00e7u e Baixada Fluminense. Apartamentos de alto padr\u00e3o para sua fam\u00edlia morar com conforto, lazer e seguran\u00e7a.","robots":{"index":"index","follow":"follow","max-snippet":"max-snippet:-1","max-image-preview":"max-image-preview:large","max-video-preview":"max-video-preview:-1"},"canonical":"https:\/\/grupobrasildpe.com.br\/visione\/","og_locale":"pt_BR","og_type":"article","og_title":"Visione Engenharia | 15 anos de atua\u00e7\u00e3o na Baixada Fluminense.","og_description":"Incorporadora e construtora com atua\u00e7\u00e3o em Nova Igua\u00e7u e Baixada Fluminense. Apartamentos de alto padr\u00e3o para sua fam\u00edlia morar com conforto, lazer e seguran\u00e7a.","og_url":"https:\/\/grupobrasildpe.com.br\/visione\/","og_site_name":"Visione Engenharia","article_publisher":"https:\/\/www.facebook.com\/visioneonline","article_modified_time":"2021-03-10T14:09:07+00:00","og_image":[{"width":395,"height":500,"url":"https:\/\/grupobrasildpe.com.br\/visione\/wp-content\/uploads\/2020\/05\/menu-5d6046b9bfa492.18591318-1.jpg","type":"image\/jpeg"}],"author":"admin","twitter_card":"summary_large_image","schema":{"@context":"https:\/\/schema.org","@graph":[{"@type":"Organization","@id":"https:\/\/grupobrasildpe.com.br\/visione\/#organization","name":"Visione Engenharia","url":"https:\/\/grupobrasildpe.com.br\/visione\/","sameAs":["https:\/\/www.instagram.com\/visioneengenharia\/","https:\/\/www.youtube.com\/user\/visioneengenharia","https:\/\/www.facebook.com\/visioneonline"],"logo":{"@type":"ImageObject","inLanguage":"pt-BR","@id":"https:\/\/grupobrasildpe.com.br\/visione\/#\/schema\/logo\/image\/","url":"https:\/\/grupobrasildpe.com.br\/visione\/wp-content\/uploads\/2020\/05\/menu-5d6046b9bfa492.18591318-1.jpg","contentUrl":"https:\/\/grupobrasildpe.com.br\/visione\/wp-content\/uploads\/2020\/05\/menu-5d6046b9bfa492.18591318-1.jpg","width":395,"height":500,"caption":"Visione Engenharia"},"image":{"@id":"https:\/\/grupobrasildpe.com.br\/visione\/#\/schema\/logo\/image\/"}},{"@type":"WebSite","@id":"https:\/\/grupobrasildpe.com.br\/visione\/#website","url":"https:\/\/grupobrasildpe.com.br\/visione\/","name":"Visione Engenharia","description":"Visione Engenharia","publisher":{"@id":"https:\/\/grupobrasildpe.com.br\/visione\/#organization"},"potentialAction":[{"@type":"SearchAction","target":{"@type":"EntryPoint","urlTemplate":"https:\/\/grupobrasildpe.com.br\/visione\/?s={search_term_string}"},"query-input":"required name=search_term_string"}],"inLanguage":"pt-BR"},{"@type":"WebPage","@id":"https:\/\/grupobrasildpe.com.br\/visione\/#webpage","url":"https:\/\/grupobrasildpe.com.br\/visione\/","name":"Visione Engenharia | 15 anos de atua\u00e7\u00e3o na Baixada Fluminense.","isPartOf":{"@id":"https:\/\/grupobrasildpe.com.br\/visione\/#website"},"datePublished":"2014-01-16T20:47:18+00:00","dateModified":"2021-03-10T14:09:07+00:00","description":"Incorporadora e construtora com atua\u00e7\u00e3o em Nova Igua\u00e7u e Baixada Fluminense. Apartamentos de alto padr\u00e3o para sua fam\u00edlia morar com conforto, lazer e seguran\u00e7a.","breadcrumb":{"@id":"https:\/\/grupobrasildpe.com.br\/visione\/#breadcrumb"},"inLanguage":"pt-BR","potentialAction":[{"@type":"ReadAction","target":["https:\/\/grupobrasildpe.com.br\/visione\/"]}]},{"@type":"BreadcrumbList","@id":"https:\/\/grupobrasildpe.com.br\/visione\/#breadcrumb","itemListElement":[{"@type":"ListItem","position":1,"name":"In\u00edcio","item":"https:\/\/grupobrasildpe.com.br\/visione\/"},{"@type":"ListItem","position":2,"name":"Home"}]}]}},"_links":{"self":[{"href":"https:\/\/grupobrasildpe.com.br\/visione\/wp-json\/wp\/v2\/pages\/585"}],"collection":[{"href":"https:\/\/grupobrasildpe.com.br\/visione\/wp-json\/wp\/v2\/pages"}],"about":[{"href":"https:\/\/grupobrasildpe.com.br\/visione\/wp-json\/wp\/v2\/types\/page"}],"author":[{"embeddable":true,"href":"https:\/\/grupobrasildpe.com.br\/visione\/wp-json\/wp\/v2\/users\/1"}],"replies":[{"embeddable":true,"href":"https:\/\/grupobrasildpe.com.br\/visione\/wp-json\/wp\/v2\/comments?post=585"}],"version-history":[{"count":3,"href":"https:\/\/grupobrasildpe.com.br\/visione\/wp-json\/wp\/v2\/pages\/585\/revisions"}],"predecessor-version":[{"id":5559,"href":"https:\/\/grupobrasildpe.com.br\/visione\/wp-json\/wp\/v2\/pages\/585\/revisions\/5559"}],"wp:attachment":[{"href":"https:\/\/grupobrasildpe.com.br\/visione\/wp-json\/wp\/v2\/media?parent=585"}],"curies":[{"name":"wp","href":"https:\/\/api.w.org\/{rel}","templated":true}]}}