{"id":5258,"date":"2020-05-07T19:20:17","date_gmt":"2020-05-07T19:20:17","guid":{"rendered":"https:\/\/grupobrasildpe.com.br\/visione\/?page_id=5258"},"modified":"2020-07-23T11:40:38","modified_gmt":"2020-07-23T14:40:38","slug":"empresa","status":"publish","type":"page","link":"https:\/\/grupobrasildpe.com.br\/visione\/empresa\/","title":{"rendered":"Empresa"},"content":{"rendered":"\t\t<div data-elementor-type=\"wp-page\" data-elementor-id=\"5258\" class=\"elementor elementor-5258\">\n\t\t\t\t\t\t<div class=\"elementor-inner\">\n\t\t\t\t<div class=\"elementor-section-wrap\">\n\t\t\t\t\t\t\t\t\t<section class=\"elementor-section elementor-top-section elementor-element elementor-element-57daaa2 elementor-section-boxed elementor-section-height-default elementor-section-height-default\" data-id=\"57daaa2\" data-element_type=\"section\">\n\t\t\t\t\t\t<div class=\"elementor-container elementor-column-gap-default\">\n\t\t\t\t\t\t\t<div class=\"elementor-row\">\n\t\t\t\t\t<div class=\"elementor-column elementor-col-50 elementor-top-column elementor-element elementor-element-bf3ce10\" data-id=\"bf3ce10\" data-element_type=\"column\">\n\t\t\t<div class=\"elementor-column-wrap elementor-element-populated\">\n\t\t\t\t\t\t\t<div class=\"elementor-widget-wrap\">\n\t\t\t\t\t\t<div class=\"elementor-element elementor-element-b0ec9f9 elementor-widget elementor-widget-image\" data-id=\"b0ec9f9\" data-element_type=\"widget\" data-widget_type=\"image.default\">\n\t\t\t\t<div class=\"elementor-widget-container\">\n\t\t\t\t\t\t\t\t<div class=\"elementor-image\">\n\t\t\t\t\t\t\t\t\t\t\t\t<img width=\"237\" height=\"300\" src=\"https:\/\/grupobrasildpe.com.br\/visione\/wp-content\/uploads\/2020\/05\/menu-5d6046b9bfa492.18591318-1.jpg\" class=\"attachment-medium size-medium\" alt=\"\" loading=\"lazy\" \/>\t\t\t\t\t\t\t\t\t\t\t\t\t\t<\/div>\n\t\t\t\t\t\t<\/div>\n\t\t\t\t<\/div>\n\t\t\t\t\t\t<\/div>\n\t\t\t\t\t<\/div>\n\t\t<\/div>\n\t\t\t\t<div class=\"elementor-column elementor-col-50 elementor-top-column elementor-element elementor-element-f0ac23c\" data-id=\"f0ac23c\" data-element_type=\"column\">\n\t\t\t<div class=\"elementor-column-wrap elementor-element-populated\">\n\t\t\t\t\t\t\t<div class=\"elementor-widget-wrap\">\n\t\t\t\t\t\t<div class=\"elementor-element elementor-element-5af5984 elementor-tabs-view-horizontal elementor-widget elementor-widget-tabs\" data-id=\"5af5984\" data-element_type=\"widget\" data-widget_type=\"tabs.default\">\n\t\t\t\t<div class=\"elementor-widget-container\">\n\t\t\t\t\t<div class=\"elementor-tabs\">\n\t\t\t<div class=\"elementor-tabs-wrapper\" role=\"tablist\" >\n\t\t\t\t\t\t\t\t\t<div id=\"elementor-tab-title-9531\" class=\"elementor-tab-title elementor-tab-desktop-title\" aria-selected=\"true\" data-tab=\"1\" role=\"tab\" tabindex=\"0\" aria-controls=\"elementor-tab-content-9531\" aria-expanded=\"false\"><a href=\"\">Sobre a Visione<\/a><\/div>\n\t\t\t\t\t\t\t\t\t<div id=\"elementor-tab-title-9532\" class=\"elementor-tab-title elementor-tab-desktop-title\" aria-selected=\"false\" data-tab=\"2\" role=\"tab\" tabindex=\"-1\" aria-controls=\"elementor-tab-content-9532\" aria-expanded=\"false\"><a href=\"\">Miss\u00e3o e Valores<\/a><\/div>\n\t\t\t\t\t\t\t\t\t<div id=\"elementor-tab-title-9533\" class=\"elementor-tab-title elementor-tab-desktop-title\" aria-selected=\"false\" data-tab=\"3\" role=\"tab\" tabindex=\"-1\" aria-controls=\"elementor-tab-content-9533\" aria-expanded=\"false\"><a href=\"\">Pol\u00edtica da Qualidade<\/a><\/div>\n\t\t\t\t\t\t\t<\/div>\n\t\t\t<div class=\"elementor-tabs-content-wrapper\" role=\"tablist\" aria-orientation=\"vertical\">\n\t\t\t\t\t\t\t\t\t<div class=\"elementor-tab-title elementor-tab-mobile-title\" aria-selected=\"true\" data-tab=\"1\" role=\"tab\" tabindex=\"0\" aria-controls=\"elementor-tab-content-9531\" aria-expanded=\"false\">Sobre a Visione<\/div>\n\t\t\t\t\t<div id=\"elementor-tab-content-9531\" class=\"elementor-tab-content elementor-clearfix\" data-tab=\"1\" role=\"tabpanel\" aria-labelledby=\"elementor-tab-title-9531\" tabindex=\"0\" hidden=\"false\"><p>Com mais de 15 anos de atua\u00e7\u00e3o na Baixada Fluminense, a Visione orgulha-se em conhecer profundamente o mercado em que atua e ter em seu portf\u00f3lio n\u00fameros expressivos de unidades produzidas e vendidas, com uma engenharia de extrema qualidade.&nbsp;<\/p><p>Inicialmente voltada ao programa \u201cMinha Casa, Minha Vida\u201d, entregando espa\u00e7o e qualidade, \u00e0 pre\u00e7os justos em centros urbanos, hoje a Visione posiciona-se no mercado de m\u00e9dio\/alto padr\u00e3o entendendo os anseios do sofisticado e particular estilo de vida do morador local.&nbsp;<\/p><p>Em 2014, lan\u00e7a o conceito Golden de se morar, com empreendimentos de alto padr\u00e3o, ao melhor estilo de Barra da Tijuca, culminando com este, o maior sucesso de vendas na hist\u00f3ria da baixada fluminense, com 100% de suas unidades vendidas em 4 dias de lan\u00e7amento. O conceito de integrar moradia e lazer pr\u00f3ximo ao local de trabalho, agrega qualidade de vida a toda fam\u00edlia.<\/p><p>A certeza e firmeza de prop\u00f3sitos, compromisso com a qualidade e seriedade, e principalmente a inova\u00e7\u00e3o, fizeram da Visione a Construtora de maior credibilidade na Baixada Fluminense e a direcionaram para consolidar-se uma empresa de tradi\u00e7\u00e3o, a construtora oficial da Baixada.<\/p><p>Em 2018, sustentabilidade e ecologia, sintonia com o mundo em muta\u00e7\u00e3o, energia solar e novas solu\u00e7\u00f5es fizeram a Visione conquistar a certifica\u00e7\u00e3o ISO9001:2015 e o certificado do Programa Brasileiro de Qualidade em Produ\u00e7\u00e3o Habitacional, o PBQP-H- n\u00edvel A. Isto representa a acredita\u00e7\u00e3o do nosso Sistema de Gest\u00e3o da Qualidade com base em normas Nacionais e Internacionais, bem como a busca pelo o que \u00e9 padr\u00e3o de Excel\u00eancia na Qualidade da Constru\u00e7\u00e3o Civil.<\/p><p>A capacidade de inovar, atender \u00e0s demandas do mercado e entregar produtos exclusivos, a pre\u00e7os justos e no prazo, sustentam a grande expans\u00e3o que a Visione experimenta at\u00e9 os dias de hoje, dando espa\u00e7o para o nosso estande virtual, ferramenta que proporciona aos nossos clientes um atendimento personalizado para conhecer cada um dos seus empreendimentos com detalhes. Tudo online e sem precisar sair de casa.&nbsp;<\/p><p>Mesquita, Nil\u00f3polis e Nova Igua\u00e7u, formam a nossa identidade como a Construtora Oficial da Baixada Fluminense!<\/p><p><br><\/p><\/div>\n\t\t\t\t\t\t\t\t\t<div class=\"elementor-tab-title elementor-tab-mobile-title\" aria-selected=\"false\" data-tab=\"2\" role=\"tab\" tabindex=\"-1\" aria-controls=\"elementor-tab-content-9532\" aria-expanded=\"false\">Miss\u00e3o e Valores<\/div>\n\t\t\t\t\t<div id=\"elementor-tab-content-9532\" class=\"elementor-tab-content elementor-clearfix\" data-tab=\"2\" role=\"tabpanel\" aria-labelledby=\"elementor-tab-title-9532\" tabindex=\"0\" hidden=\"hidden\"><div class=\"col-md-8\"><p><b>Miss\u00e3o<\/b><\/p><p>Promover a satisfa\u00e7\u00e3o de nossos clientes e colaboradores, atrav\u00e9s da constru\u00e7\u00e3o de im\u00f3veis que atendam suas necessidades e expectativas, criando um forte v\u00ednculo &#8220;EMPRESA &#8211; SOCIEDADE &#8211; AMBIENTE&#8221;.<\/p><p><b>Valores<\/b><\/p><ul><li>Qualidade<\/li><li>Pre\u00e7o justo<\/li><li>Confiabilidade<\/li><li>Pontualidade de entrega<\/li><li>Respeito ao meio ambiente<\/li><li>Compromisso<\/li><\/ul><\/div><div class=\"col-md-4\"><div class=\"margin-bottom-40\"><\/div><\/div><\/div>\n\t\t\t\t\t\t\t\t\t<div class=\"elementor-tab-title elementor-tab-mobile-title\" aria-selected=\"false\" data-tab=\"3\" role=\"tab\" tabindex=\"-1\" aria-controls=\"elementor-tab-content-9533\" aria-expanded=\"false\">Pol\u00edtica da Qualidade<\/div>\n\t\t\t\t\t<div id=\"elementor-tab-content-9533\" class=\"elementor-tab-content elementor-clearfix\" data-tab=\"3\" role=\"tabpanel\" aria-labelledby=\"elementor-tab-title-9533\" tabindex=\"0\" hidden=\"hidden\"><p>A Pol\u00edtica da Qualidade da\u00a0<strong>VISIONE ENGENHARIA<\/strong>\u00a0\u00e9:<\/p><p>&#8220;BUSCAR EXCEL\u00caNCIA NA CONSTRU\u00c7\u00c3O DE EDIF\u00cdCIOS RESIDENCIAIS EM CONFORMIDADE COM AS EXPECTATIVAS DAS PARTES INTERESSADAS.<br \/>MELHORAR CONTINUAMENTE OS NOSSOS PROCESSOS, PARA A SATISFA\u00c7\u00c3O DOS CLIENTES E DESENVOLVIMENTO DOS COLABORADORES.<br \/>ATENDER AOS REQUISITOS DE SUSTENTABILIDADE E OUTROS REQUISITOS LEGAIS APLIC\u00c1VEIS, E BUSCAR A EFIC\u00c1CIA DO SISTEMA DE GEST\u00c3O DA QUALIDADE.&#8221;<\/p><p>Rev.04<\/p><\/div>\n\t\t\t\t\t\t\t<\/div>\n\t\t<\/div>\n\t\t\t\t<\/div>\n\t\t\t\t<\/div>\n\t\t\t\t\t\t<\/div>\n\t\t\t\t\t<\/div>\n\t\t<\/div>\n\t\t\t\t\t\t\t\t<\/div>\n\t\t\t\t\t<\/div>\n\t\t<\/section>\n\t\t\t\t\t\t\t\t\t<\/div>\n\t\t\t<\/div>\n\t\t\t\t\t<\/div>\n\t\t","protected":false},"excerpt":{"rendered":"<p>Sobre a Visione Miss\u00e3o e Valores Pol\u00edtica da Qualidade Sobre a Visione Com mais de 15 anos de atua\u00e7\u00e3o na Baixada Fluminense, a Visione orgulha-se em conhecer profundamente o mercado em que atua e ter em seu portf\u00f3lio n\u00fameros expressivos de unidades produzidas e vendidas, com uma engenharia de extrema qualidade.&nbsp; Inicialmente voltada ao programa [&hellip;]<\/p>\n","protected":false},"author":1,"featured_media":0,"parent":0,"menu_order":0,"comment_status":"open","ping_status":"closed","template":"template-full-width.php","meta":{"_links_to":"","_links_to_target":""},"yoast_head":"<!-- This site is optimized with the Yoast SEO plugin v19.2 - https:\/\/yoast.com\/wordpress\/plugins\/seo\/ -->\n<title>Empresa - Visione Engenharia<\/title>\n<meta name=\"description\" content=\"Com mais de 15 anos de atua\u00e7\u00e3o na Baixada Fluminense, a Visione orgulha-se em conhecer profundamente o mercado em que atua e ter em seu portf\u00f3lio n\u00fameros expressivos de unidades produzidas e vendidas, com uma engenharia de extrema qualidade.\" \/>\n<meta name=\"robots\" content=\"index, follow, max-snippet:-1, max-image-preview:large, max-video-preview:-1\" \/>\n<link rel=\"canonical\" href=\"https:\/\/grupobrasildpe.com.br\/visione\/empresa\/\" \/>\n<meta property=\"og:locale\" content=\"pt_BR\" \/>\n<meta property=\"og:type\" content=\"article\" \/>\n<meta property=\"og:title\" content=\"Empresa - Visione Engenharia\" \/>\n<meta property=\"og:description\" content=\"Com mais de 15 anos de atua\u00e7\u00e3o na Baixada Fluminense, a Visione orgulha-se em conhecer profundamente o mercado em que atua e ter em seu portf\u00f3lio n\u00fameros expressivos de unidades produzidas e vendidas, com uma engenharia de extrema qualidade.\" \/>\n<meta property=\"og:url\" content=\"https:\/\/grupobrasildpe.com.br\/visione\/empresa\/\" \/>\n<meta property=\"og:site_name\" content=\"Visione Engenharia\" \/>\n<meta property=\"article:publisher\" content=\"https:\/\/www.facebook.com\/visioneonline\" \/>\n<meta property=\"article:modified_time\" content=\"2020-07-23T14:40:38+00:00\" \/>\n<meta property=\"og:image\" content=\"https:\/\/grupobrasildpe.com.br\/visione\/wp-content\/uploads\/2020\/05\/menu-5d6046b9bfa492.18591318-1.jpg\" \/>\n<meta name=\"author\" content=\"admin\" \/>\n<meta name=\"twitter:card\" content=\"summary_large_image\" \/>\n<meta name=\"twitter:label1\" content=\"Est. tempo de leitura\" \/>\n\t<meta name=\"twitter:data1\" content=\"3 minutos\" \/>\n<script type=\"application\/ld+json\" class=\"yoast-schema-graph\">{\"@context\":\"https:\/\/schema.org\",\"@graph\":[{\"@type\":\"Organization\",\"@id\":\"https:\/\/grupobrasildpe.com.br\/visione\/#organization\",\"name\":\"Visione Engenharia\",\"url\":\"https:\/\/grupobrasildpe.com.br\/visione\/\",\"sameAs\":[\"https:\/\/www.instagram.com\/visioneengenharia\/\",\"https:\/\/www.youtube.com\/user\/visioneengenharia\",\"https:\/\/www.facebook.com\/visioneonline\"],\"logo\":{\"@type\":\"ImageObject\",\"inLanguage\":\"pt-BR\",\"@id\":\"https:\/\/grupobrasildpe.com.br\/visione\/#\/schema\/logo\/image\/\",\"url\":\"https:\/\/grupobrasildpe.com.br\/visione\/wp-content\/uploads\/2020\/05\/menu-5d6046b9bfa492.18591318-1.jpg\",\"contentUrl\":\"https:\/\/grupobrasildpe.com.br\/visione\/wp-content\/uploads\/2020\/05\/menu-5d6046b9bfa492.18591318-1.jpg\",\"width\":395,\"height\":500,\"caption\":\"Visione Engenharia\"},\"image\":{\"@id\":\"https:\/\/grupobrasildpe.com.br\/visione\/#\/schema\/logo\/image\/\"}},{\"@type\":\"WebSite\",\"@id\":\"https:\/\/grupobrasildpe.com.br\/visione\/#website\",\"url\":\"https:\/\/grupobrasildpe.com.br\/visione\/\",\"name\":\"Visione Engenharia\",\"description\":\"Visione Engenharia\",\"publisher\":{\"@id\":\"https:\/\/grupobrasildpe.com.br\/visione\/#organization\"},\"potentialAction\":[{\"@type\":\"SearchAction\",\"target\":{\"@type\":\"EntryPoint\",\"urlTemplate\":\"https:\/\/grupobrasildpe.com.br\/visione\/?s={search_term_string}\"},\"query-input\":\"required name=search_term_string\"}],\"inLanguage\":\"pt-BR\"},{\"@type\":\"ImageObject\",\"inLanguage\":\"pt-BR\",\"@id\":\"https:\/\/grupobrasildpe.com.br\/visione\/empresa\/#primaryimage\",\"url\":\"https:\/\/grupobrasildpe.com.br\/visione\/wp-content\/uploads\/2020\/05\/menu-5d6046b9bfa492.18591318-1.jpg\",\"contentUrl\":\"https:\/\/grupobrasildpe.com.br\/visione\/wp-content\/uploads\/2020\/05\/menu-5d6046b9bfa492.18591318-1.jpg\",\"width\":395,\"height\":500},{\"@type\":\"WebPage\",\"@id\":\"https:\/\/grupobrasildpe.com.br\/visione\/empresa\/#webpage\",\"url\":\"https:\/\/grupobrasildpe.com.br\/visione\/empresa\/\",\"name\":\"Empresa - Visione Engenharia\",\"isPartOf\":{\"@id\":\"https:\/\/grupobrasildpe.com.br\/visione\/#website\"},\"primaryImageOfPage\":{\"@id\":\"https:\/\/grupobrasildpe.com.br\/visione\/empresa\/#primaryimage\"},\"datePublished\":\"2020-05-07T19:20:17+00:00\",\"dateModified\":\"2020-07-23T14:40:38+00:00\",\"description\":\"Com mais de 15 anos de atua\u00e7\u00e3o na Baixada Fluminense, a Visione orgulha-se em conhecer profundamente o mercado em que atua e ter em seu portf\u00f3lio n\u00fameros expressivos de unidades produzidas e vendidas, com uma engenharia de extrema qualidade.\",\"breadcrumb\":{\"@id\":\"https:\/\/grupobrasildpe.com.br\/visione\/empresa\/#breadcrumb\"},\"inLanguage\":\"pt-BR\",\"potentialAction\":[{\"@type\":\"ReadAction\",\"target\":[\"https:\/\/grupobrasildpe.com.br\/visione\/empresa\/\"]}]},{\"@type\":\"BreadcrumbList\",\"@id\":\"https:\/\/grupobrasildpe.com.br\/visione\/empresa\/#breadcrumb\",\"itemListElement\":[{\"@type\":\"ListItem\",\"position\":1,\"name\":\"In\u00edcio\",\"item\":\"https:\/\/grupobrasildpe.com.br\/visione\/\"},{\"@type\":\"ListItem\",\"position\":2,\"name\":\"Empresa\"}]}]}<\/script>\n<!-- \/ Yoast SEO plugin. -->","yoast_head_json":{"title":"Empresa - Visione Engenharia","description":"Com mais de 15 anos de atua\u00e7\u00e3o na Baixada Fluminense, a Visione orgulha-se em conhecer profundamente o mercado em que atua e ter em seu portf\u00f3lio n\u00fameros expressivos de unidades produzidas e vendidas, com uma engenharia de extrema qualidade.","robots":{"index":"index","follow":"follow","max-snippet":"max-snippet:-1","max-image-preview":"max-image-preview:large","max-video-preview":"max-video-preview:-1"},"canonical":"https:\/\/grupobrasildpe.com.br\/visione\/empresa\/","og_locale":"pt_BR","og_type":"article","og_title":"Empresa - Visione Engenharia","og_description":"Com mais de 15 anos de atua\u00e7\u00e3o na Baixada Fluminense, a Visione orgulha-se em conhecer profundamente o mercado em que atua e ter em seu portf\u00f3lio n\u00fameros expressivos de unidades produzidas e vendidas, com uma engenharia de extrema qualidade.","og_url":"https:\/\/grupobrasildpe.com.br\/visione\/empresa\/","og_site_name":"Visione Engenharia","article_publisher":"https:\/\/www.facebook.com\/visioneonline","article_modified_time":"2020-07-23T14:40:38+00:00","og_image":[{"url":"https:\/\/grupobrasildpe.com.br\/visione\/wp-content\/uploads\/2020\/05\/menu-5d6046b9bfa492.18591318-1.jpg"}],"author":"admin","twitter_card":"summary_large_image","twitter_misc":{"Est. tempo de leitura":"3 minutos"},"schema":{"@context":"https:\/\/schema.org","@graph":[{"@type":"Organization","@id":"https:\/\/grupobrasildpe.com.br\/visione\/#organization","name":"Visione Engenharia","url":"https:\/\/grupobrasildpe.com.br\/visione\/","sameAs":["https:\/\/www.instagram.com\/visioneengenharia\/","https:\/\/www.youtube.com\/user\/visioneengenharia","https:\/\/www.facebook.com\/visioneonline"],"logo":{"@type":"ImageObject","inLanguage":"pt-BR","@id":"https:\/\/grupobrasildpe.com.br\/visione\/#\/schema\/logo\/image\/","url":"https:\/\/grupobrasildpe.com.br\/visione\/wp-content\/uploads\/2020\/05\/menu-5d6046b9bfa492.18591318-1.jpg","contentUrl":"https:\/\/grupobrasildpe.com.br\/visione\/wp-content\/uploads\/2020\/05\/menu-5d6046b9bfa492.18591318-1.jpg","width":395,"height":500,"caption":"Visione Engenharia"},"image":{"@id":"https:\/\/grupobrasildpe.com.br\/visione\/#\/schema\/logo\/image\/"}},{"@type":"WebSite","@id":"https:\/\/grupobrasildpe.com.br\/visione\/#website","url":"https:\/\/grupobrasildpe.com.br\/visione\/","name":"Visione Engenharia","description":"Visione Engenharia","publisher":{"@id":"https:\/\/grupobrasildpe.com.br\/visione\/#organization"},"potentialAction":[{"@type":"SearchAction","target":{"@type":"EntryPoint","urlTemplate":"https:\/\/grupobrasildpe.com.br\/visione\/?s={search_term_string}"},"query-input":"required name=search_term_string"}],"inLanguage":"pt-BR"},{"@type":"ImageObject","inLanguage":"pt-BR","@id":"https:\/\/grupobrasildpe.com.br\/visione\/empresa\/#primaryimage","url":"https:\/\/grupobrasildpe.com.br\/visione\/wp-content\/uploads\/2020\/05\/menu-5d6046b9bfa492.18591318-1.jpg","contentUrl":"https:\/\/grupobrasildpe.com.br\/visione\/wp-content\/uploads\/2020\/05\/menu-5d6046b9bfa492.18591318-1.jpg","width":395,"height":500},{"@type":"WebPage","@id":"https:\/\/grupobrasildpe.com.br\/visione\/empresa\/#webpage","url":"https:\/\/grupobrasildpe.com.br\/visione\/empresa\/","name":"Empresa - Visione Engenharia","isPartOf":{"@id":"https:\/\/grupobrasildpe.com.br\/visione\/#website"},"primaryImageOfPage":{"@id":"https:\/\/grupobrasildpe.com.br\/visione\/empresa\/#primaryimage"},"datePublished":"2020-05-07T19:20:17+00:00","dateModified":"2020-07-23T14:40:38+00:00","description":"Com mais de 15 anos de atua\u00e7\u00e3o na Baixada Fluminense, a Visione orgulha-se em conhecer profundamente o mercado em que atua e ter em seu portf\u00f3lio n\u00fameros expressivos de unidades produzidas e vendidas, com uma engenharia de extrema qualidade.","breadcrumb":{"@id":"https:\/\/grupobrasildpe.com.br\/visione\/empresa\/#breadcrumb"},"inLanguage":"pt-BR","potentialAction":[{"@type":"ReadAction","target":["https:\/\/grupobrasildpe.com.br\/visione\/empresa\/"]}]},{"@type":"BreadcrumbList","@id":"https:\/\/grupobrasildpe.com.br\/visione\/empresa\/#breadcrumb","itemListElement":[{"@type":"ListItem","position":1,"name":"In\u00edcio","item":"https:\/\/grupobrasildpe.com.br\/visione\/"},{"@type":"ListItem","position":2,"name":"Empresa"}]}]}},"_links":{"self":[{"href":"https:\/\/grupobrasildpe.com.br\/visione\/wp-json\/wp\/v2\/pages\/5258"}],"collection":[{"href":"https:\/\/grupobrasildpe.com.br\/visione\/wp-json\/wp\/v2\/pages"}],"about":[{"href":"https:\/\/grupobrasildpe.com.br\/visione\/wp-json\/wp\/v2\/types\/page"}],"author":[{"embeddable":true,"href":"https:\/\/grupobrasildpe.com.br\/visione\/wp-json\/wp\/v2\/users\/1"}],"replies":[{"embeddable":true,"href":"https:\/\/grupobrasildpe.com.br\/visione\/wp-json\/wp\/v2\/comments?post=5258"}],"version-history":[{"count":9,"href":"https:\/\/grupobrasildpe.com.br\/visione\/wp-json\/wp\/v2\/pages\/5258\/revisions"}],"predecessor-version":[{"id":6203,"href":"https:\/\/grupobrasildpe.com.br\/visione\/wp-json\/wp\/v2\/pages\/5258\/revisions\/6203"}],"wp:attachment":[{"href":"https:\/\/grupobrasildpe.com.br\/visione\/wp-json\/wp\/v2\/media?parent=5258"}],"curies":[{"name":"wp","href":"https:\/\/api.w.org\/{rel}","templated":true}]}}